{"id":247225,"date":"2022-06-08T07:20:59","date_gmt":"2022-06-08T07:20:59","guid":{"rendered":"https:\/\/lumobag.com\/?page_id=247225"},"modified":"2022-06-08T07:20:59","modified_gmt":"2022-06-08T07:20:59","slug":"faq","status":"publish","type":"page","link":"https:\/\/lumobag.com\/de\/faq\/","title":{"rendered":"FAQ"},"content":{"rendered":"\n<div class=\"wp-block-group has-black-color has-custom-lumoblau-background-color has-text-color has-background has-link-color wp-elements-eed20d3078c34c0cd7ae47d16ec950b8 is-content-justification-center is-layout-constrained wp-container-core-group-is-layout-cfda798f wp-block-group-is-layout-constrained\" style=\"margin-bottom:0;padding-top:var(--wp--preset--spacing--60);padding-right:0;padding-bottom:var(--wp--preset--spacing--80)\">\n<details class=\"wp-block-details has-black-color has-custom-lumogreen-background-color has-text-color has-background has-link-color wp-elements-a7cd982278e68fd6ac0b122f140d8f2f is-layout-flow wp-block-details-is-layout-flow\" style=\"font-size:clamp(14px, 0.875rem + ((1vw - 3.2px) * 0.455), 18px);font-style:normal;font-weight:600\"><summary>Warum in W\u00fcsten?<\/summary>\n<div class=\"wp-block-group is-layout-constrained wp-container-core-group-is-layout-f611be13 wp-block-group-is-layout-constrained\" style=\"padding-top:var(--wp--preset--spacing--50);padding-right:var(--wp--preset--spacing--50);padding-bottom:var(--wp--preset--spacing--50);padding-left:var(--wp--preset--spacing--50);font-size:clamp(14px, 0.875rem + ((1vw - 3.2px) * 0.341), 17px);font-style:normal;font-weight:400\">\n<p>Vieles spricht f\u00fcr die Verlegung der LumoBags in W\u00fcstengebieten:<\/p>\n\n\n\n<ol class=\"wp-block-list\">\n<li>Die Sonneneinstrahlung erreicht dort die h\u00f6chsten Werte. Daher kann im <strong>Verh\u00e4ltnis zur genutzten Fl\u00e4che die gr\u00f6\u00dfte Energiemenge reflektiert<\/strong> werden.<\/li>\n\n\n\n<li><strong>Interessenskonflikte<\/strong> mit landwirtschaftlicher Nutzung k\u00f6nnen <strong>vermieden<\/strong> werden.<\/li>\n\n\n\n<li>Aufgrund der geringen Artenvielfalt und der gleichm\u00e4\u00dfigen Verteilung der Arten \u00fcber gro\u00dfe Gebiete k\u00f6nnen <strong>negative Auswirkungen auf die Biodiversit\u00e4t minimiert werden.<\/strong><\/li>\n<\/ol>\n<\/div>\n<\/details>\n\n\n\n<details class=\"wp-block-details has-custom-lumogreen-background-color has-background is-layout-flow wp-block-details-is-layout-flow\" style=\"font-size:clamp(14px, 0.875rem + ((1vw - 3.2px) * 0.455), 18px);font-style:normal;font-weight:600\"><summary>Werden die LumoBags nicht vom Sand verweht?<\/summary>\n<div class=\"wp-block-group is-vertical is-layout-flex wp-container-core-group-is-layout-9ae95b83 wp-block-group-is-layout-flex\" style=\"padding-top:var(--wp--preset--spacing--50);padding-right:var(--wp--preset--spacing--50);padding-bottom:var(--wp--preset--spacing--50);padding-left:var(--wp--preset--spacing--50);font-size:clamp(14px, 0.875rem + ((1vw - 3.2px) * 0.341), 17px);font-style:normal;font-weight:400\">\n<p>W\u00fcstengebiete bestehen zum gr\u00f6\u00dften Teil aus <strong>Stein- oder Ger\u00f6llw\u00fcsten<\/strong>, Sandw\u00fcsten haben einen Anteil von ca. 20% (Sahara). Das Lumobag-System ist sehr flexibel und erm\u00f6glicht die Anwendung in allen Landschaftstypen. In allen F\u00e4llen ist ein <strong>Kontroll- und Pflegesystem<\/strong> Teil des Konzeptes, um eine m\u00f6glichst hohe R\u00fcckstrahlung sicherzustellen. Dies wird vorwiegend durch solarbetriebene automatisierte Reinigungssysteme erfolgen, wie sie bereits bei der Pflege von Photovoltaikanlagen zum Einsatz kommen.<\/p>\n<\/div>\n<\/details>\n\n\n\n<details class=\"wp-block-details has-custom-lumogreen-background-color has-background is-layout-flow wp-block-details-is-layout-flow\" style=\"font-size:clamp(14px, 0.875rem + ((1vw - 3.2px) * 0.455), 18px);font-style:normal;font-weight:600\"><summary>Warum Aluminium?<\/summary>\n<div class=\"wp-block-group is-vertical is-layout-flex wp-container-core-group-is-layout-9ae95b83 wp-block-group-is-layout-flex\" style=\"padding-top:var(--wp--preset--spacing--50);padding-right:var(--wp--preset--spacing--50);padding-bottom:var(--wp--preset--spacing--50);padding-left:var(--wp--preset--spacing--50);font-size:clamp(14px, 0.875rem + ((1vw - 3.2px) * 0.341), 17px);font-style:normal;font-weight:400\">\n<p>Aluminium hat die<strong> besten Reflexionseigenschaften \u00fcber den gesamten entscheidenden Spektralbereich. Aluminium ist leicht verf\u00fcgbar, langlebig und vollst\u00e4ndig recycelbar.<\/strong> Daher ist Aluminium das ideale Material, um dauerhaft einen Reflexionsgrad von mehr als 90 % zu erreichen. Da nur d\u00fcnne Schichten verwendet werden, ben\u00f6tigt das LUMOBAG-Projekt nur eine geringe Menge Aluminium pro Quadratmeter reflektierender Fl\u00e4che.<\/p>\n<\/div>\n<\/details>\n\n\n\n<details class=\"wp-block-details has-custom-lumogreen-background-color has-background is-layout-flow wp-block-details-is-layout-flow\" style=\"font-size:clamp(14px, 0.875rem + ((1vw - 3.2px) * 0.455), 18px);font-style:normal;font-weight:600\"><summary>Warum werden nicht stattdessen Photovoltaikanlagen gebaut?<\/summary>\n<div class=\"wp-block-group is-vertical is-layout-flex wp-container-core-group-is-layout-9ae95b83 wp-block-group-is-layout-flex\" style=\"padding-top:var(--wp--preset--spacing--50);padding-right:var(--wp--preset--spacing--50);padding-bottom:var(--wp--preset--spacing--50);padding-left:var(--wp--preset--spacing--50);font-size:clamp(14px, 0.875rem + ((1vw - 3.2px) * 0.341), 17px);font-style:normal;font-weight:400\">\n<p>Photovoltaikanlagen haben eine ganz andere Funktion &#8211; sie werden zur Stromerzeugung eingesetzt. Etwa 20 % der eingestrahlten Energie wird in elektrische Energie umgewandelt, der Rest in <strong>Niedertemperaturw\u00e4rme, die in der Erdatmosph\u00e4re verbleibt.<\/strong> Daher k\u00f6nnen sie nicht zur Reflexion der Sonneneinstrahlung verwendet werden.<\/p>\n<\/div>\n<\/details>\n\n\n\n<details class=\"wp-block-details has-custom-lumogreen-background-color has-background is-layout-flow wp-block-details-is-layout-flow\" style=\"font-size:clamp(14px, 0.875rem + ((1vw - 3.2px) * 0.455), 18px);font-style:normal;font-weight:600\"><summary>Entfernt das LUMOBAG-System Treibhausgase aus der Atmosph\u00e4re?<\/summary>\n<div class=\"wp-block-group is-vertical is-layout-flex wp-container-core-group-is-layout-9ae95b83 wp-block-group-is-layout-flex\" style=\"padding-top:var(--wp--preset--spacing--50);padding-right:var(--wp--preset--spacing--50);padding-bottom:var(--wp--preset--spacing--50);padding-left:var(--wp--preset--spacing--50);font-size:clamp(14px, 0.875rem + ((1vw - 3.2px) * 0.341), 17px);font-style:normal;font-weight:400\">\n<p>Nein, das Lumobag-System entfernt keine Treibhausgase aus der Atmosph\u00e4re, sondern <strong>kompensiert deren Wirkung auf den Anstieg der Erdtemperatur<\/strong>. Durch die Verlegung eines Quadratmeters reflektierender Oberfl\u00e4che kann der Aussto\u00df von mindestens einer Tonne CO2 ausgeglichen werden &#8211; und zwar sofort. Dies verschafft Zeit, um die globalen Treibhausgasemissionen zu reduzieren, ohne dass der Temperaturanstieg katastrophale Ausma\u00dfe annimmt. Die <strong>schnellstm\u00f6gliche Dekarbonisierung der Weltwirtschaft ist und bleibt die wichtigste Ma\u00dfnahme<\/strong> im Kampf gegen den vom Menschen verursachten Klimawandel.<\/p>\n<\/div>\n<\/details>\n\n\n\n<details class=\"wp-block-details has-custom-lumogreen-background-color has-background is-layout-flow wp-block-details-is-layout-flow\" style=\"font-size:clamp(14px, 0.875rem + ((1vw - 3.2px) * 0.455), 18px);font-style:normal;font-weight:600\"><summary>Was zeichnet LUMOBAG gegen\u00fcber anderen Projekten aus?<\/summary>\n<div class=\"wp-block-group is-vertical is-layout-flex wp-container-core-group-is-layout-9ae95b83 wp-block-group-is-layout-flex\" style=\"padding-top:var(--wp--preset--spacing--50);padding-right:var(--wp--preset--spacing--50);padding-bottom:var(--wp--preset--spacing--50);padding-left:var(--wp--preset--spacing--50);font-size:clamp(14px, 0.875rem + ((1vw - 3.2px) * 0.341), 17px);font-style:normal;font-weight:400\">\n<p>In den Medien kursieren immer wieder Meldungen \u00fcber Ideen zur Reduktion der Sonneneinstrahlung, deren m\u00f6gliche negative Auswirkungen auf unsere Erde allerdings nicht vorhersagbar sind.&nbsp;<\/p>\n\n\n\n<p><strong>Das LUMOBAG-Projekt hingegen ist wissenschaftlich abgesichert, sofort umsetzbar, beliebig skalierbar und vollst\u00e4ndig reversibel. <\/strong>Die reflektierende Oberfl\u00e4che k\u00f6nnte im Bedarfsfall schnell wieder abgebaut werden.<\/p>\n\n\n\n<p><strong>Ein weiterer entscheidender Vorteil ist, dass die<\/strong><strong> temperatursenkende <\/strong><strong>Wirkung von <\/strong><strong>LUMOBAG<\/strong><strong> sofort einsetzt.<\/strong>&nbsp;Dies ist besonders wichtig, da uns nur noch wenige Jahre bleiben, bevor die 1,5\u00b0C-Grenze endg\u00fcltig \u00fcberschritten wird. Nur ein rascher Fortschritt des LUMOBAG-Projekts kann die Begrenzung des Temperaturanstiegs gew\u00e4hrleisten.<\/p>\n<\/div>\n<\/details>\n<\/div>\n","protected":false},"excerpt":{"rendered":"","protected":false},"author":1,"featured_media":0,"parent":0,"menu_order":0,"comment_status":"closed","ping_status":"closed","template":"","meta":{"footnotes":""},"class_list":["post-247225","page","type-page","status-publish","hentry"],"yoast_head":"<!-- This site is optimized with the Yoast SEO plugin v26.9 - https:\/\/yoast.com\/product\/yoast-seo-wordpress\/ -->\n<title>FAQ - LUMOBAG - Klimarettung | Technologie zur Klimastabilisierung<\/title>\n<meta name=\"robots\" content=\"index, follow, max-snippet:-1, max-image-preview:large, max-video-preview:-1\" \/>\n<link rel=\"canonical\" href=\"https:\/\/lumobag.com\/de\/faq\/\" \/>\n<script type=\"application\/ld+json\" class=\"yoast-schema-graph\">{\"@context\":\"https:\/\/schema.org\",\"@graph\":[{\"@type\":\"WebPage\",\"@id\":\"https:\/\/lumobag.com\/de\/faq\/\",\"url\":\"https:\/\/lumobag.com\/de\/faq\/\",\"name\":\"FAQ - LUMOBAG - Klimarettung | Technologie zur Klimastabilisierung\",\"isPartOf\":{\"@id\":\"https:\/\/lumobag.com\/de\/#website\"},\"datePublished\":\"2022-06-08T07:20:59+00:00\",\"breadcrumb\":{\"@id\":\"https:\/\/lumobag.com\/de\/faq\/#breadcrumb\"},\"inLanguage\":\"de\",\"potentialAction\":[{\"@type\":\"ReadAction\",\"target\":[\"https:\/\/lumobag.com\/de\/faq\/\"]}]},{\"@type\":\"BreadcrumbList\",\"@id\":\"https:\/\/lumobag.com\/de\/faq\/#breadcrumb\",\"itemListElement\":[{\"@type\":\"ListItem\",\"position\":1,\"name\":\"Startseite\",\"item\":\"https:\/\/lumobag.com\/de\/\"},{\"@type\":\"ListItem\",\"position\":2,\"name\":\"FAQ\"}]},{\"@type\":\"WebSite\",\"@id\":\"https:\/\/lumobag.com\/de\/#website\",\"url\":\"https:\/\/lumobag.com\/de\/\",\"name\":\"LUMOBAG - Klimarettung | Technologie zur Stabilisierung des Weltklimas\",\"description\":\"\",\"publisher\":{\"@id\":\"https:\/\/lumobag.com\/de\/#organization\"},\"alternateName\":\"LUMOBAG - Klimarettung\",\"potentialAction\":[{\"@type\":\"SearchAction\",\"target\":{\"@type\":\"EntryPoint\",\"urlTemplate\":\"https:\/\/lumobag.com\/de\/?s={search_term_string}\"},\"query-input\":{\"@type\":\"PropertyValueSpecification\",\"valueRequired\":true,\"valueName\":\"search_term_string\"}}],\"inLanguage\":\"de\"},{\"@type\":\"Organization\",\"@id\":\"https:\/\/lumobag.com\/de\/#organization\",\"name\":\"LumoBag GmbH\",\"url\":\"https:\/\/lumobag.com\/de\/\",\"logo\":{\"@type\":\"ImageObject\",\"inLanguage\":\"de\",\"@id\":\"https:\/\/lumobag.com\/de\/#\/schema\/logo\/image\/\",\"url\":\"https:\/\/lumobag.com\/de\/wp-content\/uploads\/2023\/02\/Logo-1.png\",\"contentUrl\":\"https:\/\/lumobag.com\/de\/wp-content\/uploads\/2023\/02\/Logo-1.png\",\"width\":1919,\"height\":385,\"caption\":\"LumoBag GmbH\"},\"image\":{\"@id\":\"https:\/\/lumobag.com\/de\/#\/schema\/logo\/image\/\"},\"sameAs\":[\"https:\/\/facebook.com\/lumobag\",\"https:\/\/linkedin.com\/company\/lumobag\"]}]}<\/script>\n<!-- \/ Yoast SEO plugin. -->","yoast_head_json":{"title":"FAQ - LUMOBAG - Klimarettung | Technologie zur Klimastabilisierung","robots":{"index":"index","follow":"follow","max-snippet":"max-snippet:-1","max-image-preview":"max-image-preview:large","max-video-preview":"max-video-preview:-1"},"canonical":"https:\/\/lumobag.com\/de\/faq\/","schema":{"@context":"https:\/\/schema.org","@graph":[{"@type":"WebPage","@id":"https:\/\/lumobag.com\/de\/faq\/","url":"https:\/\/lumobag.com\/de\/faq\/","name":"FAQ - LUMOBAG - Klimarettung | Technologie zur Klimastabilisierung","isPartOf":{"@id":"https:\/\/lumobag.com\/de\/#website"},"datePublished":"2022-06-08T07:20:59+00:00","breadcrumb":{"@id":"https:\/\/lumobag.com\/de\/faq\/#breadcrumb"},"inLanguage":"de","potentialAction":[{"@type":"ReadAction","target":["https:\/\/lumobag.com\/de\/faq\/"]}]},{"@type":"BreadcrumbList","@id":"https:\/\/lumobag.com\/de\/faq\/#breadcrumb","itemListElement":[{"@type":"ListItem","position":1,"name":"Startseite","item":"https:\/\/lumobag.com\/de\/"},{"@type":"ListItem","position":2,"name":"FAQ"}]},{"@type":"WebSite","@id":"https:\/\/lumobag.com\/de\/#website","url":"https:\/\/lumobag.com\/de\/","name":"LUMOBAG - Klimarettung | Technologie zur Stabilisierung des Weltklimas","description":"","publisher":{"@id":"https:\/\/lumobag.com\/de\/#organization"},"alternateName":"LUMOBAG - Klimarettung","potentialAction":[{"@type":"SearchAction","target":{"@type":"EntryPoint","urlTemplate":"https:\/\/lumobag.com\/de\/?s={search_term_string}"},"query-input":{"@type":"PropertyValueSpecification","valueRequired":true,"valueName":"search_term_string"}}],"inLanguage":"de"},{"@type":"Organization","@id":"https:\/\/lumobag.com\/de\/#organization","name":"LumoBag GmbH","url":"https:\/\/lumobag.com\/de\/","logo":{"@type":"ImageObject","inLanguage":"de","@id":"https:\/\/lumobag.com\/de\/#\/schema\/logo\/image\/","url":"https:\/\/lumobag.com\/de\/wp-content\/uploads\/2023\/02\/Logo-1.png","contentUrl":"https:\/\/lumobag.com\/de\/wp-content\/uploads\/2023\/02\/Logo-1.png","width":1919,"height":385,"caption":"LumoBag GmbH"},"image":{"@id":"https:\/\/lumobag.com\/de\/#\/schema\/logo\/image\/"},"sameAs":["https:\/\/facebook.com\/lumobag","https:\/\/linkedin.com\/company\/lumobag"]}]}},"_links":{"self":[{"href":"https:\/\/lumobag.com\/de\/wp-json\/wp\/v2\/pages\/247225","targetHints":{"allow":["GET"]}}],"collection":[{"href":"https:\/\/lumobag.com\/de\/wp-json\/wp\/v2\/pages"}],"about":[{"href":"https:\/\/lumobag.com\/de\/wp-json\/wp\/v2\/types\/page"}],"author":[{"embeddable":true,"href":"https:\/\/lumobag.com\/de\/wp-json\/wp\/v2\/users\/1"}],"replies":[{"embeddable":true,"href":"https:\/\/lumobag.com\/de\/wp-json\/wp\/v2\/comments?post=247225"}],"version-history":[{"count":0,"href":"https:\/\/lumobag.com\/de\/wp-json\/wp\/v2\/pages\/247225\/revisions"}],"wp:attachment":[{"href":"https:\/\/lumobag.com\/de\/wp-json\/wp\/v2\/media?parent=247225"}],"curies":[{"name":"wp","href":"https:\/\/api.w.org\/{rel}","templated":true}]}}