{"id":247888,"date":"2024-11-18T17:24:55","date_gmt":"2024-11-18T16:24:55","guid":{"rendered":"http:\/\/pavlovec.eu\/wordpress\/?page_id=247888"},"modified":"2025-02-18T13:47:08","modified_gmt":"2025-02-18T12:47:08","slug":"datenschutzbestimmungen","status":"publish","type":"page","link":"https:\/\/lumobag.com\/de\/datenschutzbestimmungen\/","title":{"rendered":"Datenschutzbestimmungen"},"content":{"rendered":"\n<div class=\"wp-block-group is-layout-constrained wp-container-core-group-is-layout-9ef312c1 wp-block-group-is-layout-constrained\" style=\"margin-top:var(--wp--preset--spacing--60);margin-bottom:var(--wp--preset--spacing--60);font-size:14px\">\n<h3 class=\"wp-block-heading\"><strong>1. Datenschutz auf einen Blick<\/strong><\/h3>\n\n\n\n<p><strong>Allgemeine Informationen<\/strong><br>Die folgenden Informationen geben einen einfachen \u00dcberblick dar\u00fcber, was mit Ihren personenbezogenen Daten passiert, wenn Sie diese Website besuchen. Personenbezogene Daten sind alle Daten, mit denen Sie pers\u00f6nlich identifiziert werden k\u00f6nnen. Ausf\u00fchrliche Informationen zum Thema Datenschutz finden Sie in unserer Datenschutzerkl\u00e4rung, die Sie unterhalb dieses Textes finden.<\/p>\n\n\n\n<p><strong>Datenerhebung auf dieser Website<\/strong><br>Wer ist f\u00fcr die Datenerhebung auf dieser Website verantwortlich?<br>Die Datenverarbeitung auf dieser Website erfolgt durch den Betreiber der Website. Die Kontaktdaten des Website-Betreibers finden Sie im Abschnitt &#8222;Informationen \u00fcber den Verantwortlichen&#8220; in dieser Datenschutzrichtlinie.<\/p>\n\n\n\n<p><strong>Wie erheben wir Ihre Daten?<\/strong><br>Ihre Daten werden zum einen dadurch erhoben, dass Sie uns diese zur Verf\u00fcgung stellen. Dies k\u00f6nnen z.B. Daten sein, die Sie in ein Kontaktformular eingeben. Andere Daten werden automatisch oder mit Ihrer Zustimmung von unseren IT-Systemen erfasst, wenn Sie die Website besuchen. Dabei handelt es sich haupts\u00e4chlich um technische Daten (z.B. Internet-Browser, Betriebssystem oder Uhrzeit des Seitenaufrufs). Diese Daten werden automatisch erfasst, sobald Sie diese Website betreten.<\/p>\n\n\n\n<p><strong>Wozu verwenden wir Ihre Daten?<\/strong><br>Ein Teil der Daten wird erhoben, um eine fehlerfreie Bereitstellung der Website zu gew\u00e4hrleisten. Andere Daten k\u00f6nnen verwendet werden, um Ihr Nutzerverhalten zu analysieren.<\/p>\n\n\n\n<p><strong>Welche Rechte haben Sie in Bezug auf Ihre Daten?<\/strong><br>Sie haben jederzeit das Recht, unentgeltlich Auskunft \u00fcber Herkunft, Empf\u00e4nger und Zweck Ihrer gespeicherten personenbezogenen Daten zu erhalten. Sie haben au\u00dferdem das Recht, die Berichtigung oder L\u00f6schung dieser Daten zu verlangen. Wenn Sie in die Datenverarbeitung eingewilligt haben, k\u00f6nnen Sie diese Einwilligung jederzeit mit Wirkung f\u00fcr die Zukunft widerrufen. Sie haben auch das Recht, unter bestimmten Umst\u00e4nden die Einschr\u00e4nkung der Verarbeitung Ihrer personenbezogenen Daten zu verlangen. Au\u00dferdem haben Sie das Recht, eine Beschwerde bei der zust\u00e4ndigen Aufsichtsbeh\u00f6rde einzureichen.<\/p>\n\n\n\n<p>Hierzu und zu weiteren Fragen zum Thema &#8222;Datenschutz&#8220; k\u00f6nnen Sie sich jederzeit an uns wenden.<\/p>\n\n\n\n<h3 class=\"wp-block-heading\"><strong>2. Hosting<\/strong><\/h3>\n\n\n\n<p><strong>IONOS<\/strong><br>Wir hosten unsere Website bei der IONOS SE. Anbieter ist die IONOS SE, Elgendorfer Str. 57, 56410 Montabaur (nachfolgend IONOS genannt). Wenn Sie unsere Website besuchen, erhebt IONOS verschiedene Protokolldateien einschlie\u00dflich Ihrer IP-Adressen. Einzelheiten entnehmen Sie bitte der IONOS-Datenschutzerkl\u00e4rung:&nbsp;<a href=\"https:\/\/www.ionos.de\/terms-gtc\/datenschutzerklaerung\/\">https:\/\/www.ionos.de\/terms-gtc\/terms-privacy.<\/a><br>Die Nutzung von IONOS erfolgt auf Grundlage von Art. 6 Abs.. 1 lit. f DSGVO. Wir haben ein berechtigtes Interesse daran, dass unsere Website m\u00f6glichst zuverl\u00e4ssig dargestellt wird. Sofern eine entsprechende Einwilligung eingeholt wurde, erfolgt die Verarbeitung ausschlie\u00dflich auf der Grundlage von Art. 6 Abs.. 1 lit. a DSGVO und \u00a7 25 Abs. 1 TTDSG, soweit die Einwilligung die Speicherung von Cookies oder den Zugriff auf Informationen im Endger\u00e4t des Nutzers (z.B. Device Fingerprinting) im Sinne des TTDSG umfasst. Die Einwilligung kann jederzeit widerrufen werden.<\/p>\n\n\n\n<p><strong>Auftragsverarbeitung<\/strong><br>Wir haben mit dem oben genannten Anbieter einen Vertrag zur Auftragsverarbeitung (AVV) abgeschlossen. Dabei handelt es sich um einen datenschutzrechtlich erforderlichen Vertrag, der sicherstellt, dass der Anbieter die personenbezogenen Daten unserer Website-Besucher nur nach unseren Weisungen und in \u00dcbereinstimmung mit der DSGVO verarbeitet.<\/p>\n\n\n\n<h3 class=\"wp-block-heading\"><strong>3. Allgemeine Informationen und Pflichtangaben<\/strong><\/h3>\n\n\n\n<p><strong>Datenschutz<\/strong><br>Die Betreiber dieser Seiten nehmen den Schutz Ihrer pers\u00f6nlichen Daten sehr ernst. Wir behandeln Ihre personenbezogenen Daten vertraulich und entsprechend der gesetzlichen Datenschutzvorschriften sowie dieser Datenschutzerkl\u00e4rung.<\/p>\n\n\n\n<p>Wenn Sie diese Website nutzen, werden verschiedene personenbezogene Daten erhoben. Personenbezogene Daten sind Daten, mit denen Sie pers\u00f6nlich identifiziert werden k\u00f6nnen. Diese Datenschutzerkl\u00e4rung erl\u00e4utert, welche Daten wir sammeln und wie wir sie verwenden. Sie erkl\u00e4rt auch, wie und zu welchem Zweck dies geschieht.<br>Wir weisen darauf hin, dass die Daten\u00fcbertragung im Internet (z.B. bei der Kommunikation per E-Mail) Sicherheitsl\u00fccken aufweisen kann. Ein l\u00fcckenloser Schutz der Daten vor dem Zugriff durch Dritte ist nicht m\u00f6glich.<\/p>\n\n\n\n<p><strong>Hinweis zur verantwortlichen Stelle<\/strong><br>Der Verantwortliche f\u00fcr die Datenverarbeitung auf dieser Website ist:<\/p>\n\n\n\n<p>LumoBag GmbH<br>Wittenbauerstra\u00dfe 59<br>8010 Graz<br>Telefon: +43 6642642035<br>E-Mail: contact@lumobag.com<\/p>\n\n\n\n<p>Der f\u00fcr die Verarbeitung Verantwortliche ist die nat\u00fcrliche oder juristische Person, die allein oder gemeinsam mit anderen \u00fcber die Zwecke und Mittel der Verarbeitung personenbezogener Daten (z. B. Namen, E-Mail-Adressen usw.) entscheidet.<\/p>\n\n\n\n<p><strong>Speicherdauer<\/strong><br>Sofern in dieser Datenschutzerkl\u00e4rung keine genauere Speicherdauer angegeben ist, verbleiben Ihre personenbezogenen Daten so lange bei uns, bis der Zweck der Datenverarbeitung entf\u00e4llt. Wenn Sie ein berechtigtes Verlangen auf L\u00f6schung geltend machen oder Ihre Einwilligung zur Datenverarbeitung widerrufen, werden Ihre Daten gel\u00f6scht, es sei denn, wir haben andere gesetzlich zul\u00e4ssige Gr\u00fcnde f\u00fcr die Speicherung Ihrer personenbezogenen Daten (z.B. steuer- oder handelsrechtliche Aufbewahrungsfristen); im letzteren Fall werden die Daten gel\u00f6scht, sobald diese Gr\u00fcnde entfallen.<\/p>\n\n\n\n<p><strong>Allgemeine Informationen zur Rechtsgrundlage der Datenverarbeitung auf dieser Website<\/strong><br>Wenn Sie in die Datenverarbeitung eingewilligt haben, verarbeiten wir Ihre personenbezogenen Daten auf Grundlage von Art. 6 (1) lit. a DSGVO bzw. Art. 9 (2) lit. a DSGVO, wenn besondere Kategorien von Daten gem\u00e4\u00df Art. 9 (1) DSGVO. Im Falle einer ausdr\u00fccklichen Einwilligung in die \u00dcbermittlung personenbezogener Daten in Drittstaaten erfolgt die Datenverarbeitung auch auf Grundlage von Art. 49 Abs.. 1 lit. a DSGVO. Wenn Sie in die Speicherung von Cookies oder in den Zugriff auf Informationen in Ihrem Endger\u00e4t (z.B. \u00fcber Device Fingerprinting) eingewilligt haben, erfolgt die Datenverarbeitung zus\u00e4tzlich auf der Grundlage von \u00a7 25 Abs. 1 TTDSG. Diese Einwilligung kann jederzeit widerrufen werden. Soweit Ihre Daten zur Erf\u00fcllung eines Vertrages oder zur Durchf\u00fchrung vorvertraglicher Ma\u00dfnahmen erforderlich sind, verarbeiten wir Ihre Daten auf der Grundlage von Art. 6 Abs.. 1 lit. b DSGVO. Sind Ihre Daten dar\u00fcber hinaus f\u00fcr die Erf\u00fcllung einer rechtlichen Verpflichtung erforderlich, verarbeiten wir sie auf Grundlage von Art. 6 Abs.. 1 lit. c DSGVO. Dar\u00fcber hinaus kann die Datenverarbeitung auf der Grundlage unseres berechtigten Interesses nach Art. 6 Abs.. 1 lit. f DSGVO erfolgen. Informationen zu den jeweiligen Rechtsgrundlagen im Einzelfall finden Sie in den folgenden Abs\u00e4tzen dieser Datenschutzerkl\u00e4rung.<\/p>\n\n\n\n<p><strong>Widerruf Ihrer Einwilligung zur Datenverarbeitung<\/strong><br>Viele Datenverarbeitungsvorg\u00e4nge sind nur mit Ihrer ausdr\u00fccklichen Einwilligung m\u00f6glich. Eine bereits erteilte Einwilligung k\u00f6nnen Sie jederzeit widerrufen. Die Rechtm\u00e4\u00dfigkeit der bis zum Widerruf erfolgten Datenverarbeitung bleibt vom Widerruf unber\u00fchrt.<\/p>\n\n\n\n<p>Recht auf Widerspruch gegen die Datenerhebung in bestimmten F\u00e4llen und gegen Direktmarketing (Art. 21 GDPR)<br>WENN DIE DATENVERARBEITUNG AUF ART. 6 ABS. 1 LIT. E ODER F DSGVO BERUHT, HABEN SIE DAS RECHT, AUS GR\u00dcNDEN, DIE SICH AUS IHRER BESONDEREN SITUATION ERGEBEN, JEDERZEIT GEGEN DIE VERARBEITUNG IHRER PERSONENBEZOGENEN DATEN WIDERSPRUCH EINZULEGEN; DIES GILT AUCH F\u00dcR EIN AUF DIESE BESTIMMUNGEN GEST\u00dcTZTES PROFILING. DIE JEWEILIGE RECHTSGRUNDLAGE, AUF DIE SICH DIE VERARBEITUNG ST\u00dcTZT, FINDEN SIE IN DIESER DATENSCHUTZERKL\u00c4RUNG. WENN SIE WIDERSPRECHEN, WERDEN WIR IHRE PERSONENBEZOGENEN DATEN NICHT MEHR VERARBEITEN, ES SEI DENN, WIR K\u00d6NNEN ZWINGENDE SCHUTZW\u00dcRDIGE GR\u00dcNDE F\u00dcR DIE VERARBEITUNG NACHWEISEN, DIE IHRE INTERESSEN, RECHTE UND FREIHEITEN \u00dcBERWIEGEN, ODER DIE VERARBEITUNG DIENT DER GELTENDMACHUNG, AUS\u00dcBUNG ODER VERTEIDIGUNG VON RECHTSANSPR\u00dcCHEN (WIDERSPRUCH NACH ARTIKEL 21 ABS. 1 DSGVO).<\/p>\n\n\n\n<p>WERDEN IHRE PERSONENBEZOGENEN DATEN VERARBEITET, UM DIREKTWERBUNG ZU BETREIBEN, SO HABEN SIE DAS RECHT, JEDERZEIT WIDERSPRUCH GEGEN DIE VERARBEITUNG DER SIE BETREFFENDEN PERSONENBEZOGENEN DATEN ZUM ZWECKE DERARTIGER WERBUNG EINZULEGEN; DIES GILT AUCH F\u00dcR DAS PROFILING, SOWEIT ES MIT SOLCHER DIREKTWERBUNG IN VERBINDUNG STEHT. WENN SIE WIDERSPRECHEN, WERDEN IHRE PERSONENBEZOGENEN DATEN IN DER FOLGE NICHT MEHR F\u00dcR DIE ZWECKE DER DIREKTWERBUNG VERWENDET (WIDERSPRUCH GEM\u00c4SS ART. 21 ABS. 2 DSGVO).<\/p>\n\n\n\n<p><strong>Recht auf Beschwerde bei der zust\u00e4ndigen Aufsichtsbeh\u00f6rde<\/strong><br>Im Falle von Verst\u00f6\u00dfen gegen die DSGVO haben betroffene Personen das Recht auf Beschwerde bei einer Aufsichtsbeh\u00f6rde, insbesondere in dem Mitgliedstaat ihres gew\u00f6hnlichen Aufenthalts, ihres Arbeitsplatzes oder des Ortes des mutma\u00dflichen Versto\u00dfes. Das Recht auf Beschwerde l\u00e4sst andere verwaltungsrechtliche oder gerichtliche Rechtsbehelfe unber\u00fchrt.<\/p>\n\n\n\n<p><strong>Recht auf Daten\u00fcbertragbarkeit<\/strong><br>Sie haben das Recht, Daten, die wir aufgrund Ihrer Einwilligung oder in Erf\u00fcllung eines Vertrages automatisiert verarbeiten, an Sie oder einen Dritten in einem g\u00e4ngigen, maschinenlesbaren Format aush\u00e4ndigen zu lassen. Wenn Sie die direkte \u00dcbermittlung der Daten an einen anderen f\u00fcr die Verarbeitung Verantwortlichen verlangen, erfolgt dies nur, soweit es technisch machbar ist.<\/p>\n\n\n\n<p><strong>SSL- oder TLS-Verschl\u00fcsselung<\/strong><br>Aus Sicherheitsgr\u00fcnden und zum Schutz der \u00dcbertragung vertraulicher Inhalte, wie z.B. Bestellungen oder Anfragen, die Sie an uns als Seitenbetreiber senden, verwendet diese Seite eine SSL- oder TLS-Verschl\u00fcsselung. Eine verschl\u00fcsselte Verbindung erkennen Sie daran, dass die Adresszeile des Browsers von &#8222;http:\/\/&#8220; auf &#8222;https:\/\/&#8220; wechselt und an dem Schloss-Symbol in Ihrer Browserzeile.<br>Wenn die SSL- oder TLS-Verschl\u00fcsselung aktiviert ist, k\u00f6nnen die Daten, die Sie an uns \u00fcbermitteln, nicht von Dritten mitgelesen werden.<\/p>\n\n\n\n<p><strong>Auskunft, L\u00f6schung und Berichtigung<\/strong><br>Sie haben im Rahmen der geltenden gesetzlichen Bestimmungen jederzeit das Recht auf unentgeltliche Auskunft \u00fcber Ihre gespeicherten personenbezogenen Daten, deren Herkunft und Empf\u00e4nger und den Zweck der Datenverarbeitung sowie ggf. ein Recht auf Berichtigung oder L\u00f6schung dieser Daten. Hierzu sowie zu weiteren Fragen zum Thema personenbezogene Daten k\u00f6nnen Sie sich jederzeit an uns wenden.<\/p>\n\n\n\n<p><strong>Recht auf Einschr\u00e4nkung der Verarbeitung<\/strong><br>Sie haben das Recht, die Einschr\u00e4nkung der Verarbeitung Ihrer personenbezogenen Daten zu verlangen. Zu diesem Zweck k\u00f6nnen Sie sich jederzeit an uns wenden. Das Recht auf Einschr\u00e4nkung der Verarbeitung besteht in den folgenden F\u00e4llen:<\/p>\n\n\n\n<p>&#8211; Wenn Sie die Richtigkeit Ihrer bei uns gespeicherten personenbezogenen Daten bestreiten, ben\u00f6tigen wir in der Regel Zeit, um dies zu pr\u00fcfen. F\u00fcr die Dauer der \u00dcberpr\u00fcfung haben Sie das Recht, die Einschr\u00e4nkung der Verarbeitung Ihrer personenbezogenen Daten zu verlangen.<\/p>\n\n\n\n<p>&#8211; Wenn die Verarbeitung Ihrer personenbezogenen Daten rechtswidrig war\/ist, k\u00f6nnen Sie anstelle der L\u00f6schung die Einschr\u00e4nkung der Datenverarbeitung verlangen.<\/p>\n\n\n\n<p>&#8211; Wenn wir Ihre personenbezogenen Daten nicht mehr ben\u00f6tigen, Sie diese aber zur Aus\u00fcbung, Verteidigung oder Geltendmachung von Rechtsanspr\u00fcchen ben\u00f6tigen, haben Sie das Recht, anstelle der L\u00f6schung die Einschr\u00e4nkung der Verarbeitung Ihrer personenbezogenen Daten zu verlangen.<\/p>\n\n\n\n<p>&#8211; Wenn Sie Widerspruch eingelegt haben, ist gem\u00e4\u00df Art. 21 Abs. 1 DSGVO eingelegt haben, muss eine Abw\u00e4gung zwischen Ihren und unseren Interessen vorgenommen werden. Solange noch nicht feststeht, wessen Interessen \u00fcberwiegen, haben Sie das Recht, die Einschr\u00e4nkung der Verarbeitung Ihrer personenbezogenen Daten zu verlangen.<\/p>\n\n\n\n<p>Wenn Sie die Verarbeitung Ihrer personenbezogenen Daten eingeschr\u00e4nkt haben, d\u00fcrfen diese Daten &#8211; abgesehen von der Speicherung &#8211; nur mit Ihrer Einwilligung oder zur Begr\u00fcndung, Aus\u00fcbung oder Verteidigung von Rechtsanspr\u00fcchen oder zum Schutz der Rechte einer anderen nat\u00fcrlichen oder juristischen Person oder aus Gr\u00fcnden eines wichtigen \u00f6ffentlichen Interesses der Europ\u00e4ischen Union oder eines Mitgliedstaats verarbeitet werden.<\/p>\n\n\n\n<h3 class=\"wp-block-heading\"><strong>4. Datenerhebung auf dieser Website<\/strong><\/h3>\n\n\n\n<p><strong>Cookies<\/strong><br>Unsere Internetseiten verwenden so genannte &#8222;Cookies&#8220;. Cookies sind kleine Textdateien und richten auf Ihrem Endger\u00e4t keinen Schaden an. Sie werden entweder tempor\u00e4r f\u00fcr die Dauer einer Sitzung (Session-Cookies) oder dauerhaft (permanente Cookies) auf Ihrem Endger\u00e4t gespeichert. Session-Cookies werden nach Beendigung Ihres Besuchs automatisch gel\u00f6scht. Permanente Cookies bleiben auf Ihrem Endger\u00e4t gespeichert, bis Sie sie selbst l\u00f6schen oder bis sie von Ihrem Webbrowser automatisch gel\u00f6scht werden.<br>In einigen F\u00e4llen k\u00f6nnen auch Cookies von Drittanbietern auf Ihrem Endger\u00e4t gespeichert werden, wenn Sie unsere Seite aufrufen (Drittanbieter-Cookies). Diese erm\u00f6glichen es uns oder Ihnen, bestimmte Dienste des Drittunternehmens zu nutzen (z.B. Cookies zur Abwicklung von Zahlungsdiensten).<br>Cookies haben verschiedene Funktionen. Viele Cookies sind technisch notwendig, da bestimmte Funktionen der Website ohne sie nicht funktionieren w\u00fcrden (z.B. die Warenkorbfunktion oder die Anzeige von Videos). Andere Cookies dienen der Auswertung des Nutzerverhaltens oder der Einblendung von Werbung.<br>Cookies, die zur Durchf\u00fchrung des elektronischen Kommunikationsvorgangs, zur Bereitstellung bestimmter, von Ihnen angeforderter Funktionen (z.B. f\u00fcr die Warenkorbfunktion) oder zur Optimierung der Website (z.B. Cookies zur Messung der Webpr\u00e4senz) erforderlich sind (notwendige Cookies), werden auf Grundlage von Art. 6 Abs.. 1 lit. f DSGVO gespeichert, sofern keine andere Rechtsgrundlage angegeben ist. Der Websitebetreiber hat ein berechtigtes Interesse an der Speicherung notwendiger Cookies f\u00fcr die technisch fehlerfreie und optimierte Bereitstellung seiner Dienste. Soweit eine Einwilligung in die Speicherung von Cookies und vergleichbaren Wiedererkennungstechnologien eingeholt wurde, erfolgt die Verarbeitung ausschlie\u00dflich auf Grundlage dieser Einwilligung (Art. 6 Abs. 1 lit. a DSGVO und \u00a7 25 Abs. 1 TTDSG); die Einwilligung kann jederzeit widerrufen werden.<br>Sie k\u00f6nnen Ihren Browser so einstellen, dass Sie \u00fcber das Setzen von Cookies informiert werden und Cookies nur im Einzelfall erlauben, die Annahme von Cookies f\u00fcr bestimmte F\u00e4lle oder generell ausschlie\u00dfen sowie das automatische L\u00f6schen der Cookies beim Schlie\u00dfen des Browser aktivieren. Bei der Deaktivierung von Cookies kann die Funktionalit\u00e4t dieser Website eingeschr\u00e4nkt sein.<br>Soweit Cookies von Drittanbietern oder zu Analysezwecken eingesetzt werden, werden wir Sie im Rahmen dieser Datenschutzerkl\u00e4rung gesondert darauf hinweisen und ggf. um Ihre Einwilligung bitten.<\/p>\n\n\n\n<h3 class=\"wp-block-heading\"><strong>5. Analysetools und Werbung<\/strong><\/h3>\n\n\n\n<p><strong>IONOS WebAnalytics<\/strong><\/p>\n\n\n\n<p>Diese Website nutzt die Analysedienste von IONOS WebAnalytics (im Folgenden: IONOS). Der Anbieter ist die 1&amp;1 IONOS SE, Elgendorfer Stra\u00dfe 57, D &#8211; 56410 Montabaur. Im Rahmen der Analysen mit IONOS k\u00f6nnen u.a. Besucherzahlen und -verhalten (z.B. Anzahl der Seitenaufrufe, Dauer eines Website-Besuchs, Absprungraten), Besucherquellen (d.h. von welcher Seite der Besucher kommt), Besucherstandorte sowie technische Daten (Browser- und Betriebssystemversionen) ausgewertet werden. Zu diesem Zweck speichert IONOS insbesondere die folgenden Daten:<\/p>\n\n\n\n<ul class=\"wp-block-list\">\n<li>&#8211; Referrer (zuvor besuchte Website)<\/li>\n\n\n\n<li>&#8211; gew\u00fcnschte Website oder Datei<\/li>\n\n\n\n<li>&#8211; Browsertyp und Browserversion<\/li>\n\n\n\n<li>&#8211; verwendetes Betriebssystem<\/li>\n\n\n\n<li>&#8211; Art des verwendeten Ger\u00e4ts<\/li>\n\n\n\n<li>&#8211; Zugriffszeitpunkt<\/li>\n\n\n\n<li>&#8211; IP-Adresse in anonymisierter Form (wird nur verwendet, um den Standort des verwendeten Zugangs zu bestimmen)<\/li>\n<\/ul>\n\n\n\n<p>Die Datenerhebung erfolgt nach Angaben von IONOS vollst\u00e4ndig anonymisiert, so dass sie nicht auf einzelne Personen zur\u00fcckgef\u00fchrt werden k\u00f6nnen. Cookies werden von IONOS WebAnalytics nicht gespeichert.<br>Die Speicherung und Auswertung der Daten erfolgt auf Grundlage von Art. 6 Abs.. 1 lit. f DSGVO. Der Websitebetreiber hat ein berechtigtes Interesse an der statistischen Auswertung des Nutzerverhaltens, um sowohl seine Website als auch seine Werbung zu optimieren. Soweit eine entsprechende Einwilligung eingeholt wurde, erfolgt die Verarbeitung ausschlie\u00dflich auf der Grundlage von Art. 6 Abs.. 1 lit. a DSGVO und \u00a7 25 Abs.. 1 TTDSG, sofern die Einwilligung die Speicherung von Cookies oder den Zugriff auf Informationen im Endger\u00e4t des Nutzers (z.B. Device Fingerprinting) im Sinne des TTDSG umfasst. Die Einwilligung kann jederzeit widerrufen werden.<\/p>\n\n\n\n<p><strong>Auftragsverarbeitung<\/strong><br>Wir haben mit dem o.g. Anbieter einen Auftragsverarbeitungsvertrag (AVV) abgeschlossen. Dabei handelt es sich um einen datenschutzrechtlich erforderlichen Vertrag, der sicherstellt, dass der Anbieter die personenbezogenen Daten unserer Website-Besucher nur nach unseren Weisungen und unter Einhaltung der DSGVO verarbeitet.<\/p>\n\n\n\n<h3 class=\"wp-block-heading\"><strong>6. Plugins und Tools<\/strong><\/h3>\n\n\n\n<p><strong>Google Web Fonts<\/strong><br>Diese Website verwendet zur einheitlichen Darstellung von Schriftarten sogenannte Web Fonts, die von Google bereitgestellt werden. Wenn Sie eine Seite aufrufen, l\u00e4dt Ihr Browser die ben\u00f6tigten Web Fonts in seinen Browsercache, um Texte und Schriftarten korrekt darzustellen.<\/p>\n\n\n\n<p>Alle auf unserer Website verwendeten Schriftarten werden auf unserem Server lokal gehostet. Es wird daher keine Verbindung zu den Servern von Google hergestellt.<\/p>\n\n\n\n<p>Falls Ihr Browser keine Web Fonts unterst\u00fctzt, wird eine Standardschriftart Ihres Computers verwendet.<\/p>\n<\/div>\n","protected":false},"excerpt":{"rendered":"<p>1. Datenschutz auf einen Blick Allgemeine InformationenDie folgenden Informationen geben einen einfachen \u00dcberblick dar\u00fcber, was mit Ihren personenbezogenen Daten passiert, wenn Sie diese Website besuchen. Personenbezogene Daten sind alle Daten, mit denen Sie pers\u00f6nlich identifiziert werden k\u00f6nnen. Ausf\u00fchrliche Informationen zum Thema Datenschutz finden Sie in unserer Datenschutzerkl\u00e4rung, die Sie unterhalb dieses Textes finden. Datenerhebung auf [&hellip;]<\/p>\n","protected":false},"author":1,"featured_media":0,"parent":0,"menu_order":0,"comment_status":"closed","ping_status":"closed","template":"","meta":{"footnotes":""},"class_list":["post-247888","page","type-page","status-publish","hentry"],"yoast_head":"<!-- This site is optimized with the Yoast SEO plugin v26.9 - https:\/\/yoast.com\/product\/yoast-seo-wordpress\/ -->\n<title>Datenschutzbestimmungen - LUMOBAG - Klimarettung | Technologie zur Klimastabilisierung<\/title>\n<meta name=\"robots\" content=\"noindex, nofollow\" \/>\n<script type=\"application\/ld+json\" class=\"yoast-schema-graph\">{\"@context\":\"https:\/\/schema.org\",\"@graph\":[{\"@type\":\"WebPage\",\"@id\":\"https:\/\/lumobag.com\/de\/datenschutzbestimmungen\/\",\"url\":\"https:\/\/lumobag.com\/de\/datenschutzbestimmungen\/\",\"name\":\"Datenschutzbestimmungen - LUMOBAG - Klimarettung | Technologie zur Klimastabilisierung\",\"isPartOf\":{\"@id\":\"https:\/\/lumobag.com\/de\/#website\"},\"datePublished\":\"2024-11-18T16:24:55+00:00\",\"dateModified\":\"2025-02-18T12:47:08+00:00\",\"breadcrumb\":{\"@id\":\"https:\/\/lumobag.com\/de\/datenschutzbestimmungen\/#breadcrumb\"},\"inLanguage\":\"de\",\"potentialAction\":[{\"@type\":\"ReadAction\",\"target\":[\"https:\/\/lumobag.com\/de\/datenschutzbestimmungen\/\"]}]},{\"@type\":\"BreadcrumbList\",\"@id\":\"https:\/\/lumobag.com\/de\/datenschutzbestimmungen\/#breadcrumb\",\"itemListElement\":[{\"@type\":\"ListItem\",\"position\":1,\"name\":\"Startseite\",\"item\":\"https:\/\/lumobag.com\/de\/\"},{\"@type\":\"ListItem\",\"position\":2,\"name\":\"Datenschutzbestimmungen\"}]},{\"@type\":\"WebSite\",\"@id\":\"https:\/\/lumobag.com\/de\/#website\",\"url\":\"https:\/\/lumobag.com\/de\/\",\"name\":\"LUMOBAG - Klimarettung | Technologie zur Stabilisierung des Weltklimas\",\"description\":\"\",\"publisher\":{\"@id\":\"https:\/\/lumobag.com\/de\/#organization\"},\"alternateName\":\"LUMOBAG - Klimarettung\",\"potentialAction\":[{\"@type\":\"SearchAction\",\"target\":{\"@type\":\"EntryPoint\",\"urlTemplate\":\"https:\/\/lumobag.com\/de\/?s={search_term_string}\"},\"query-input\":{\"@type\":\"PropertyValueSpecification\",\"valueRequired\":true,\"valueName\":\"search_term_string\"}}],\"inLanguage\":\"de\"},{\"@type\":\"Organization\",\"@id\":\"https:\/\/lumobag.com\/de\/#organization\",\"name\":\"LumoBag GmbH\",\"url\":\"https:\/\/lumobag.com\/de\/\",\"logo\":{\"@type\":\"ImageObject\",\"inLanguage\":\"de\",\"@id\":\"https:\/\/lumobag.com\/de\/#\/schema\/logo\/image\/\",\"url\":\"https:\/\/lumobag.com\/de\/wp-content\/uploads\/2023\/02\/Logo-1.png\",\"contentUrl\":\"https:\/\/lumobag.com\/de\/wp-content\/uploads\/2023\/02\/Logo-1.png\",\"width\":1919,\"height\":385,\"caption\":\"LumoBag GmbH\"},\"image\":{\"@id\":\"https:\/\/lumobag.com\/de\/#\/schema\/logo\/image\/\"},\"sameAs\":[\"https:\/\/facebook.com\/lumobag\",\"https:\/\/linkedin.com\/company\/lumobag\"]}]}<\/script>\n<!-- \/ Yoast SEO plugin. -->","yoast_head_json":{"title":"Datenschutzbestimmungen - LUMOBAG - Klimarettung | Technologie zur Klimastabilisierung","robots":{"index":"noindex","follow":"nofollow"},"schema":{"@context":"https:\/\/schema.org","@graph":[{"@type":"WebPage","@id":"https:\/\/lumobag.com\/de\/datenschutzbestimmungen\/","url":"https:\/\/lumobag.com\/de\/datenschutzbestimmungen\/","name":"Datenschutzbestimmungen - LUMOBAG - Klimarettung | Technologie zur Klimastabilisierung","isPartOf":{"@id":"https:\/\/lumobag.com\/de\/#website"},"datePublished":"2024-11-18T16:24:55+00:00","dateModified":"2025-02-18T12:47:08+00:00","breadcrumb":{"@id":"https:\/\/lumobag.com\/de\/datenschutzbestimmungen\/#breadcrumb"},"inLanguage":"de","potentialAction":[{"@type":"ReadAction","target":["https:\/\/lumobag.com\/de\/datenschutzbestimmungen\/"]}]},{"@type":"BreadcrumbList","@id":"https:\/\/lumobag.com\/de\/datenschutzbestimmungen\/#breadcrumb","itemListElement":[{"@type":"ListItem","position":1,"name":"Startseite","item":"https:\/\/lumobag.com\/de\/"},{"@type":"ListItem","position":2,"name":"Datenschutzbestimmungen"}]},{"@type":"WebSite","@id":"https:\/\/lumobag.com\/de\/#website","url":"https:\/\/lumobag.com\/de\/","name":"LUMOBAG - Klimarettung | Technologie zur Stabilisierung des Weltklimas","description":"","publisher":{"@id":"https:\/\/lumobag.com\/de\/#organization"},"alternateName":"LUMOBAG - Klimarettung","potentialAction":[{"@type":"SearchAction","target":{"@type":"EntryPoint","urlTemplate":"https:\/\/lumobag.com\/de\/?s={search_term_string}"},"query-input":{"@type":"PropertyValueSpecification","valueRequired":true,"valueName":"search_term_string"}}],"inLanguage":"de"},{"@type":"Organization","@id":"https:\/\/lumobag.com\/de\/#organization","name":"LumoBag GmbH","url":"https:\/\/lumobag.com\/de\/","logo":{"@type":"ImageObject","inLanguage":"de","@id":"https:\/\/lumobag.com\/de\/#\/schema\/logo\/image\/","url":"https:\/\/lumobag.com\/de\/wp-content\/uploads\/2023\/02\/Logo-1.png","contentUrl":"https:\/\/lumobag.com\/de\/wp-content\/uploads\/2023\/02\/Logo-1.png","width":1919,"height":385,"caption":"LumoBag GmbH"},"image":{"@id":"https:\/\/lumobag.com\/de\/#\/schema\/logo\/image\/"},"sameAs":["https:\/\/facebook.com\/lumobag","https:\/\/linkedin.com\/company\/lumobag"]}]}},"_links":{"self":[{"href":"https:\/\/lumobag.com\/de\/wp-json\/wp\/v2\/pages\/247888","targetHints":{"allow":["GET"]}}],"collection":[{"href":"https:\/\/lumobag.com\/de\/wp-json\/wp\/v2\/pages"}],"about":[{"href":"https:\/\/lumobag.com\/de\/wp-json\/wp\/v2\/types\/page"}],"author":[{"embeddable":true,"href":"https:\/\/lumobag.com\/de\/wp-json\/wp\/v2\/users\/1"}],"replies":[{"embeddable":true,"href":"https:\/\/lumobag.com\/de\/wp-json\/wp\/v2\/comments?post=247888"}],"version-history":[{"count":1,"href":"https:\/\/lumobag.com\/de\/wp-json\/wp\/v2\/pages\/247888\/revisions"}],"predecessor-version":[{"id":248653,"href":"https:\/\/lumobag.com\/de\/wp-json\/wp\/v2\/pages\/247888\/revisions\/248653"}],"wp:attachment":[{"href":"https:\/\/lumobag.com\/de\/wp-json\/wp\/v2\/media?parent=247888"}],"curies":[{"name":"wp","href":"https:\/\/api.w.org\/{rel}","templated":true}]}}